{"id":19688,"date":"2025-07-04T10:42:41","date_gmt":"2025-07-04T08:42:41","guid":{"rendered":"https:\/\/www.pretaportercasas.com\/landing-onboarding-2\/"},"modified":"2026-04-13T10:21:36","modified_gmt":"2026-04-13T08:21:36","slug":"landing-onboarding-2","status":"publish","type":"page","link":"https:\/\/www.pretaportercasas.com\/ca\/landing-onboarding-ca\/","title":{"rendered":"Onboarding Grup PMP"},"content":{"rendered":"","protected":true},"excerpt":{"rendered":"","protected":true},"author":1,"featured_media":0,"parent":0,"menu_order":0,"comment_status":"closed","ping_status":"closed","template":"template-no-header-footer.php","meta":{"_acf_changed":false,"footnotes":"","_wp_rev_ctl_limit":""},"class_list":["post-19688","page","type-page","status-publish","post-password-required"],"acf":[],"yoast_head":"<!-- This site is optimized with the Yoast SEO plugin v27.3 - https:\/\/yoast.com\/product\/yoast-seo-wordpress\/ -->\n<title>Onboarding Grup PMP - Pr\u00eat-\u00e0-porter casas<\/title>\n<meta name=\"robots\" content=\"index, follow, max-snippet:-1, max-image-preview:large, max-video-preview:-1\" \/>\n<link rel=\"canonical\" href=\"https:\/\/www.pretaportercasas.com\/ca\/landing-onboarding-ca\/\" \/>\n<meta property=\"og:locale\" content=\"ca_ES\" \/>\n<meta property=\"og:type\" content=\"article\" \/>\n<meta property=\"og:title\" content=\"Onboarding Grup PMP - Pr\u00eat-\u00e0-porter casas\" \/>\n<meta property=\"og:description\" content=\"No hi ha extracte perqu\u00e8 \u00e9s una entrada protegida.\" \/>\n<meta property=\"og:url\" content=\"https:\/\/www.pretaportercasas.com\/ca\/landing-onboarding-ca\/\" \/>\n<meta property=\"og:site_name\" content=\"Pr\u00eat-\u00e0-porter casas\" \/>\n<meta property=\"article:modified_time\" content=\"2026-04-13T08:21:36+00:00\" \/>\n<meta name=\"twitter:card\" content=\"summary_large_image\" \/>\n<meta name=\"twitter:label1\" content=\"Temps estimat de lectura\" \/>\n\t<meta name=\"twitter:data1\" content=\"6 minuts\" \/>\n<script type=\"application\/ld+json\" class=\"yoast-schema-graph\">{\"@context\":\"https:\\\/\\\/schema.org\",\"@graph\":[{\"@type\":\"WebPage\",\"@id\":\"https:\\\/\\\/www.pretaportercasas.com\\\/ca\\\/landing-onboarding-ca\\\/\",\"url\":\"https:\\\/\\\/www.pretaportercasas.com\\\/ca\\\/landing-onboarding-ca\\\/\",\"name\":\"Onboarding Grup PMP - Pr\u00eat-\u00e0-porter casas\",\"isPartOf\":{\"@id\":\"https:\\\/\\\/www.pretaportercasas.com\\\/ca\\\/#website\"},\"datePublished\":\"2025-07-04T08:42:41+00:00\",\"dateModified\":\"2026-04-13T08:21:36+00:00\",\"breadcrumb\":{\"@id\":\"https:\\\/\\\/www.pretaportercasas.com\\\/ca\\\/landing-onboarding-ca\\\/#breadcrumb\"},\"inLanguage\":\"ca\"},{\"@type\":\"WebSite\",\"@id\":\"https:\\\/\\\/www.pretaportercasas.com\\\/ca\\\/#website\",\"url\":\"https:\\\/\\\/www.pretaportercasas.com\\\/ca\\\/\",\"name\":\"Pr\u00eat-\u00e0-porter casas\",\"description\":\"\",\"potentialAction\":[{\"@type\":\"SearchAction\",\"target\":{\"@type\":\"EntryPoint\",\"urlTemplate\":\"https:\\\/\\\/www.pretaportercasas.com\\\/ca\\\/?s={search_term_string}\"},\"query-input\":{\"@type\":\"PropertyValueSpecification\",\"valueRequired\":true,\"valueName\":\"search_term_string\"}}],\"inLanguage\":\"ca\"}]}<\/script>\n<!-- \/ Yoast SEO plugin. -->","yoast_head_json":{"title":"Onboarding Grup PMP - Pr\u00eat-\u00e0-porter casas","robots":{"index":"index","follow":"follow","max-snippet":"max-snippet:-1","max-image-preview":"max-image-preview:large","max-video-preview":"max-video-preview:-1"},"canonical":"https:\/\/www.pretaportercasas.com\/ca\/landing-onboarding-ca\/","og_locale":"ca_ES","og_type":"article","og_title":"Onboarding Grup PMP - Pr\u00eat-\u00e0-porter casas","og_description":"No hi ha extracte perqu\u00e8 \u00e9s una entrada protegida.","og_url":"https:\/\/www.pretaportercasas.com\/ca\/landing-onboarding-ca\/","og_site_name":"Pr\u00eat-\u00e0-porter casas","article_modified_time":"2026-04-13T08:21:36+00:00","twitter_card":"summary_large_image","twitter_misc":{"Temps estimat de lectura":"6 minuts"},"schema":{"@context":"https:\/\/schema.org","@graph":[{"@type":"WebPage","@id":"https:\/\/www.pretaportercasas.com\/ca\/landing-onboarding-ca\/","url":"https:\/\/www.pretaportercasas.com\/ca\/landing-onboarding-ca\/","name":"Onboarding Grup PMP - Pr\u00eat-\u00e0-porter casas","isPartOf":{"@id":"https:\/\/www.pretaportercasas.com\/ca\/#website"},"datePublished":"2025-07-04T08:42:41+00:00","dateModified":"2026-04-13T08:21:36+00:00","breadcrumb":{"@id":"https:\/\/www.pretaportercasas.com\/ca\/landing-onboarding-ca\/#breadcrumb"},"inLanguage":"ca"},{"@type":"WebSite","@id":"https:\/\/www.pretaportercasas.com\/ca\/#website","url":"https:\/\/www.pretaportercasas.com\/ca\/","name":"Pr\u00eat-\u00e0-porter casas","description":"","potentialAction":[{"@type":"SearchAction","target":{"@type":"EntryPoint","urlTemplate":"https:\/\/www.pretaportercasas.com\/ca\/?s={search_term_string}"},"query-input":{"@type":"PropertyValueSpecification","valueRequired":true,"valueName":"search_term_string"}}],"inLanguage":"ca"}]}},"_links":{"self":[{"href":"https:\/\/www.pretaportercasas.com\/ca\/wp-json\/wp\/v2\/pages\/19688","targetHints":{"allow":["GET"]}}],"collection":[{"href":"https:\/\/www.pretaportercasas.com\/ca\/wp-json\/wp\/v2\/pages"}],"about":[{"href":"https:\/\/www.pretaportercasas.com\/ca\/wp-json\/wp\/v2\/types\/page"}],"author":[{"embeddable":true,"href":"https:\/\/www.pretaportercasas.com\/ca\/wp-json\/wp\/v2\/users\/1"}],"replies":[{"embeddable":true,"href":"https:\/\/www.pretaportercasas.com\/ca\/wp-json\/wp\/v2\/comments?post=19688"}],"version-history":[{"count":26,"href":"https:\/\/www.pretaportercasas.com\/ca\/wp-json\/wp\/v2\/pages\/19688\/revisions"}],"predecessor-version":[{"id":24195,"href":"https:\/\/www.pretaportercasas.com\/ca\/wp-json\/wp\/v2\/pages\/19688\/revisions\/24195"}],"wp:attachment":[{"href":"https:\/\/www.pretaportercasas.com\/ca\/wp-json\/wp\/v2\/media?parent=19688"}],"curies":[{"name":"wp","href":"https:\/\/api.w.org\/{rel}","templated":true}]}}