{"id":3639,"date":"2024-01-30T15:59:26","date_gmt":"2024-01-30T14:59:26","guid":{"rendered":"https:\/\/www.pretaportercasas.com\/informacion-legal\/"},"modified":"2024-03-18T11:52:06","modified_gmt":"2024-03-18T10:52:06","slug":"informacion-legal","status":"publish","type":"page","link":"https:\/\/www.pretaportercasas.com\/fr\/mentions-legales\/","title":{"rendered":"Mentions l\u00e9gales"},"content":{"rendered":"[vc_row type=\u00a0\u00bbin_container\u00a0\u00bb full_screen_row_position=\u00a0\u00bbmiddle\u00a0\u00bb column_margin=\u00a0\u00bbdefault\u00a0\u00bb column_direction=\u00a0\u00bbdefault\u00a0\u00bb column_direction_tablet=\u00a0\u00bbdefault\u00a0\u00bb column_direction_phone=\u00a0\u00bbdefault\u00a0\u00bb scene_position=\u00a0\u00bbcenter\u00a0\u00bb text_color=\u00a0\u00bbdark\u00a0\u00bb text_align=\u00a0\u00bbleft\u00a0\u00bb row_border_radius=\u00a0\u00bbnone\u00a0\u00bb row_border_radius_applies=\u00a0\u00bbbg\u00a0\u00bb overflow=\u00a0\u00bbvisible\u00a0\u00bb overlay_strength=\u00a0\u00bb0.3&Prime; gradient_direction=\u00a0\u00bbleft_to_right\u00a0\u00bb shape_divider_position=\u00a0\u00bbbottom\u00a0\u00bb bg_image_animation=\u00a0\u00bbnone\u00a0\u00bb][vc_column column_padding=\u00a0\u00bbno-extra-padding\u00a0\u00bb column_padding_tablet=\u00a0\u00bbinherit\u00a0\u00bb column_padding_phone=\u00a0\u00bbinherit\u00a0\u00bb column_padding_position=\u00a0\u00bball\u00a0\u00bb column_element_direction_desktop=\u00a0\u00bbdefault\u00a0\u00bb column_element_spacing=\u00a0\u00bbdefault\u00a0\u00bb desktop_text_alignment=\u00a0\u00bbdefault\u00a0\u00bb tablet_text_alignment=\u00a0\u00bbdefault\u00a0\u00bb phone_text_alignment=\u00a0\u00bbdefault\u00a0\u00bb background_color_opacity=\u00a0\u00bb1&Prime; background_hover_color_opacity=\u00a0\u00bb1&Prime; column_backdrop_filter=\u00a0\u00bbnone\u00a0\u00bb column_shadow=\u00a0\u00bbnone\u00a0\u00bb column_border_radius=\u00a0\u00bbnone\u00a0\u00bb column_link_target=\u00a0\u00bb_self\u00a0\u00bb column_position=\u00a0\u00bbdefault\u00a0\u00bb gradient_direction=\u00a0\u00bbleft_to_right\u00a0\u00bb overlay_strength=\u00a0\u00bb0.3&Prime; width=\u00a0\u00bb1\/1&Prime; tablet_width_inherit=\u00a0\u00bbdefault\u00a0\u00bb animation_type=\u00a0\u00bbdefault\u00a0\u00bb bg_image_animation=\u00a0\u00bbnone\u00a0\u00bb border_type=\u00a0\u00bbsimple\u00a0\u00bb column_border_width=\u00a0\u00bbnone\u00a0\u00bb column_border_style=\u00a0\u00bbsolid\u00a0\u00bb][vc_column_text]\n<h2>Information l\u00e9gale<\/h2>\n<p>Conform\u00e9ment \u00e0 l\u2019obligation d\u2019information pr\u00e9vue \u00e0 l\u2019article 10 de la loi 34\/2002 du 11 juillet sur les services de la soci\u00e9t\u00e9 de l\u2019information et le commerce \u00e9lectronique (LSSICE), nous faisons \u00e9tat des informations ci-dessous :<\/p>\n<p><strong>Entreprise propri\u00e9taire de ce site Internet\u00a0:<\/strong>\u00a0PROJECTES MODULARS PREFABRICATS, S.L.<\/p>\n<p>C.I.F.\u00a0: B25759028<\/p>\n<p>Si\u00e8ge social\u00a0: C\/ IVARS D\u2019URGELL, 20 P.I. NEOPARC \u2013 25190 \u2013 LLEIDA<\/p>\n<p>Soci\u00e9t\u00e9 inscrite aupr\u00e8s du Registre du commerce de L\u00e9rida le 26-04-2013, volume 1345, folio 94, 8e section, feuille L 26857, 1\u00e8re inscription.<\/p>\n<p>T\u00e9l\u00e9phone\u00a0: +34\u00a0973\u00a0603\u00a0954<\/p>\n<p>Adresse \u00e9lectronique\u00a0: <a href=\"mailto:protecciodedades@pmp-pretaporter.com\">protecciodedades@pmp-pretaporter.com<\/a><u><\/u><\/p>\n<p>&nbsp;<\/p>\n<h5><strong>OBJET<\/strong><\/h5>\n<p>Le propri\u00e9taire du site met ce document \u00e0 la disposition des utilisateurs afin de respecter les dispositions de la loi 34\/2002 du 11 juillet sur les services de la soci\u00e9t\u00e9 de l\u2019information et le commerce \u00e9lectronique, de la r\u00e9glementation en vigueur en mati\u00e8re de protection des donn\u00e9es, ainsi que pour informer tous les utilisateurs de ce site Internet des conditions d\u2019utilisation de ce dernier.<\/p>\n<p>Toute personne acc\u00e9dant \u00e0 ce site assume le r\u00f4le d\u2019utilisateur et s\u2019engage \u00e0 observer et \u00e0 respecter strictement les dispositions du pr\u00e9sent document, ainsi que toute autre disposition l\u00e9gale applicable.<\/p>\n<p>Le propri\u00e9taire du site se r\u00e9serve le droit de modifier tout type d\u2019information pouvant figurer sur ce site, sans obligation de pr\u00e9avis ni d\u2019information aux utilisateurs sur ces obligations, la simple publication sur le site \u00e9tant consid\u00e9r\u00e9e comme suffisante.<\/p>\n<h5><strong>RESPONSABILIT\u00c9<\/strong><\/h5>\n<p>Le propri\u00e9taire du site est exon\u00e9r\u00e9 de tout type de responsabilit\u00e9 d\u00e9coulant de l\u2019information publi\u00e9e sur ce site, si cette information a \u00e9t\u00e9 manipul\u00e9e ou introduite par un tiers.<\/p>\n<h5><strong>ADRESSES IP<\/strong><\/h5>\n<p>Les serveurs du site peuvent d\u00e9tecter automatiquement l\u2019adresse IP et le nom de domaine utilis\u00e9s par l\u2019utilisateur. Une adresse IP est un num\u00e9ro attribu\u00e9 automatiquement \u00e0 un ordinateur lorsqu\u2019il se connecte \u00e0 Internet. Ces informations sont enregistr\u00e9es dans un fichier d\u2019activit\u00e9 du serveur qui permet le traitement ult\u00e9rieur des donn\u00e9es afin d\u2019obtenir des mesures purement statistiques permettant de conna\u00eetre le nombre d\u2019impressions de pages, le nombre de visites effectu\u00e9es sur les serveurs web, l\u2019ordre des visites, le point d\u2019acc\u00e8s, etc.<\/p>\n<h5><strong>POLITIQUE DE LIENS<\/strong><\/h5>\n<p>\u00c0 partir de ce site Internet, vous pouvez \u00eatre redirig\u00e9 vers le contenu de sites de tiers. Compte tenu que le propri\u00e9taire de ce site ne peut pas toujours contr\u00f4ler les contenus introduits par des tiers sur leurs propres sites, il ne peut assumer aucun type de responsabilit\u00e9 \u00e0 l\u2019\u00e9gard de ces contenus. Dans tous les cas, le propri\u00e9taire de ce site d\u00e9clare qu\u2019il retirera imm\u00e9diatement tout contenu susceptible de contrevenir \u00e0 la l\u00e9gislation nationale ou internationale, \u00e0 la morale ou \u00e0 l\u2019ordre public, en proc\u00e9dant au retrait imm\u00e9diat du lien vers le site tiers en question, et en informant les autorit\u00e9s comp\u00e9tentes du contenu vis\u00e9.<\/p>\n<p>Le propri\u00e9taire de ce site n\u2019est pas responsable des informations ni des contenus publi\u00e9s, y compris, mais sans s\u2019y limiter, dans les forums, les chats, les g\u00e9n\u00e9rateurs de blogs, les commentaires, les r\u00e9seaux sociaux ou tout autre support permettant \u00e0 des tiers de publier des contenus de mani\u00e8re ind\u00e9pendante sur son site. N\u00e9anmoins, et conform\u00e9ment aux dispositions des articles 11 et 16 de la loi LSSICE susmentionn\u00e9e, le propri\u00e9taire de ce site se tient \u00e0 la disposition de tous les utilisateurs, autorit\u00e9s et forces de s\u00e9curit\u00e9, en collaborant activement au retrait ou au blocage de tout contenu susceptible d\u2019affecter ou de contrevenir \u00e0 la l\u00e9gislation nationale ou internationale, aux droits de tiers ou \u00e0 la morale et \u00e0 l\u2019ordre public. Si l\u2019utilisateur consid\u00e8re qu\u2019un contenu figurant sur ce site est susceptible d\u2019\u00eatre consid\u00e9r\u00e9 de la sorte, il est pri\u00e9 d\u2019en informer imm\u00e9diatement l\u2019administrateur du site web.<\/p>\n<p>Ce site a \u00e9t\u00e9 v\u00e9rifi\u00e9 et test\u00e9 afin de s\u2019assurer qu\u2019il fonctionne correctement. En principe, son bon fonctionnement peut \u00eatre garanti 365\u00a0jours par an, 24\u00a0heures sur\u00a024. Toutefois, le propri\u00e9taire du site ne peut exclure la possibilit\u00e9 de l\u2019existence de certaines erreurs de programmation, ni l\u2019\u00e9ventualit\u00e9 de cas de force majeure, de catastrophes naturelles, de gr\u00e8ves, ou de circonstances similaires rendant impossible l\u2019acc\u00e8s au site.<\/p>\n<h5><strong>PROTECTION DES DONN\u00c9ES<\/strong><\/h5>\n<p>Le responsable du traitement des donn\u00e9es est r\u00e9solument engag\u00e9 \u00e0 respecter les dispositions de la r\u00e9glementation en vigueur en mati\u00e8re de protection des donn\u00e9es, et dans le contexte du nouveau cadre r\u00e9glementaire \u00e9tabli en vertu des dispositions du R\u00e8glement (UE) 2016\/679 du Parlement europ\u00e9en et du Conseil du 27 avril 2016 relatif \u00e0 la protection des personnes physiques \u00e0 l\u2019\u00e9gard du traitement des donn\u00e9es \u00e0 caract\u00e8re personnel et \u00e0 la libre circulation de ces donn\u00e9es (ci-apr\u00e8s, le RGPD), et de la loi organique espagnole 3\/2018 du 5 d\u00e9cembre relative \u00e0 la protection des donn\u00e9es \u00e0 caract\u00e8re personnel et \u00e0 la garantie des droits num\u00e9riques (ci-apr\u00e8s, la LOPDGDD).<\/p>\n<p>De m\u00eame, le responsable du traitement informe qu\u2019il se conforme \u00e0 la loi 34\/2002 du 11 juillet sur les services de la soci\u00e9t\u00e9 de l\u2019information et le commerce \u00e9lectronique, et qu\u2019il demandera \u00e0 tout moment votre consentement au traitement de vos donn\u00e9es \u00e0 des fins commerciales.<\/p>\n<h5><strong>PROPRI\u00c9T\u00c9 INTELLECTUELLE ET INDUSTRIELLE<\/strong><\/h5>\n<p>Le site, y compris, mais sans s\u2019y limiter, sa programmation, son \u00e9dition, sa compilation et autres \u00e9l\u00e9ments n\u00e9cessaires \u00e0 son fonctionnement, les designs, logos, textes et\/ou graphiques sont la propri\u00e9t\u00e9 du propri\u00e9taire du site ou, le cas \u00e9ch\u00e9ant, ce dernier dispose d\u2019une licence ou d\u2019une autorisation expresse de la part des auteurs.<\/p>\n<p>Tous les contenus du site sont d\u00fbment prot\u00e9g\u00e9s par la l\u00e9gislation en mati\u00e8re de propri\u00e9t\u00e9 intellectuelle et industrielle.<\/p>\n<p>Quelle que soit la finalit\u00e9 recherch\u00e9e, la reproduction totale ou partielle, l\u2019utilisation, l\u2019exploitation, la distribution et la commercialisation requi\u00e8rent en tout \u00e9tat de cause l\u2019autorisation \u00e9crite et pr\u00e9alable du propri\u00e9taire du site. Toute utilisation non autoris\u00e9e au pr\u00e9alable par le propri\u00e9taire du site est consid\u00e9r\u00e9e comme un manquement grave aux droits de propri\u00e9t\u00e9 intellectuelle ou industrielle de l\u2019auteur.<\/p>\n<p>Les designs, logos, textes et\/ou graphiques qui n\u2019appartiennent pas au prestataire et qui peuvent appara\u00eetre sur le site appartiennent \u00e0 leurs propri\u00e9taires respectifs, qui sont eux-m\u00eames responsables de toute controverse \u00e9ventuelle \u00e0 leur \u00e9gard. Dans tous les cas, le propri\u00e9taire du site dispose de l\u2019autorisation expresse et pr\u00e9alable de ces derniers.<\/p>\n<p>Le propri\u00e9taire du site autorise express\u00e9ment les tiers \u00e0 rediriger directement vers les contenus sp\u00e9cifiques de son site et, dans tous les cas, \u00e0 rediriger vers sa page d\u2019accueil.<\/p>\n<p>Le propri\u00e9taire du site reconna\u00eet les droits de propri\u00e9t\u00e9 intellectuelle et industrielle correspondants en faveur de leurs propri\u00e9taires, et leur simple mention ou apparition sur son site n\u2019implique pas l\u2019existence de droits ni de responsabilit\u00e9s du propri\u00e9taire du site \u00e0 leur \u00e9gard, ni une approbation, un parrainage ou une recommandation de sa part.<\/p>\n<p>Pour toutes les images pour lesquelles le logiciel de conception le permet, des r\u00e9f\u00e9rences \u00e0 l\u2019auteur et \u00e0 la licence correspondantes ont \u00e9t\u00e9 incluses.<\/p>\n<p>Pour formuler des observations sur tout \u00e9ventuel manquement aux droits de propri\u00e9t\u00e9 intellectuelle ou industrielle, ainsi que sur tout contenu du site web, vous pouvez le faire par \u00e9crit ou par courrier \u00e9lectronique figurant en en-t\u00eate.<\/p>\n<h5><strong>SSL<\/strong><\/h5>\n<p>Le propri\u00e9taire a souscrit un certificat SSL (Secure Sockets Layer) pour la protection de ce site.<\/p>\n<p>Un certificat SSL prot\u00e8ge toutes les informations personnelles et confidentielles qui peuvent \u00eatre trait\u00e9es sur un site, quelles que soient les informations transmises, comme les formulaires de contact du site vers le serveur, ou les donn\u00e9es saisies pour l\u2019abonnement \u00e0 des lettres d\u2019information ou l\u2019acc\u00e8s \u00e0 des zones prot\u00e9g\u00e9es, etc.<\/p>\n<p>L\u2019adresse du site web appara\u00eetra en vert, activant le protocole \u00ab\u00a0https\u00a0\u00bb qui assure des connexions s\u00e9curis\u00e9es entre un serveur web et le navigateur de l\u2019utilisateur.[\/vc_column_text][\/vc_column][\/vc_row]\n","protected":false},"excerpt":{"rendered":"<p>[vc_row type=\u00a0\u00bbin_container\u00a0\u00bb full_screen_row_position=\u00a0\u00bbmiddle\u00a0\u00bb column_margin=\u00a0\u00bbdefault\u00a0\u00bb column_direction=\u00a0\u00bbdefault\u00a0\u00bb column_direction_tablet=\u00a0\u00bbdefault\u00a0\u00bb column_direction_phone=\u00a0\u00bbdefault\u00a0\u00bb scene_position=\u00a0\u00bbcenter\u00a0\u00bb text_color=\u00a0\u00bbdark\u00a0\u00bb text_align=\u00a0\u00bbleft\u00a0\u00bb row_border_radius=\u00a0\u00bbnone\u00a0\u00bb row_border_radius_applies=\u00a0\u00bbbg\u00a0\u00bb overflow=\u00a0\u00bbvisible\u00a0\u00bb overlay_strength=\u00a0\u00bb0.3&Prime; gradient_direction=\u00a0\u00bbleft_to_right\u00a0\u00bb shape_divider_position=\u00a0\u00bbbottom\u00a0\u00bb bg_image_animation=\u00a0\u00bbnone\u00a0\u00bb][vc_column column_padding=\u00a0\u00bbno-extra-padding\u00a0\u00bb column_padding_tablet=\u00a0\u00bbinherit\u00a0\u00bb column_padding_phone=\u00a0\u00bbinherit\u00a0\u00bb column_padding_position=\u00a0\u00bball\u00a0\u00bb column_element_direction_desktop=\u00a0\u00bbdefault\u00a0\u00bb column_element_spacing=\u00a0\u00bbdefault\u00a0\u00bb desktop_text_alignment=\u00a0\u00bbdefault\u00a0\u00bb tablet_text_alignment=\u00a0\u00bbdefault\u00a0\u00bb phone_text_alignment=\u00a0\u00bbdefault\u00a0\u00bb background_color_opacity=\u00a0\u00bb1&Prime; background_hover_color_opacity=\u00a0\u00bb1&Prime; column_backdrop_filter=\u00a0\u00bbnone\u00a0\u00bb column_shadow=\u00a0\u00bbnone\u00a0\u00bb&#8230;<\/p>\n","protected":false},"author":1,"featured_media":0,"parent":0,"menu_order":0,"comment_status":"closed","ping_status":"closed","template":"","meta":{"_acf_changed":false,"footnotes":"","_wp_rev_ctl_limit":""},"class_list":["post-3639","page","type-page","status-publish"],"acf":[],"yoast_head":"<!-- This site is optimized with the Yoast SEO plugin v27.3 - https:\/\/yoast.com\/product\/yoast-seo-wordpress\/ -->\n<title>Mentions l\u00e9gales - Pr\u00eat-\u00e0-porter casas<\/title>\n<meta name=\"robots\" content=\"index, follow, max-snippet:-1, max-image-preview:large, max-video-preview:-1\" \/>\n<link rel=\"canonical\" href=\"https:\/\/www.pretaportercasas.com\/fr\/mentions-legales\/\" \/>\n<meta property=\"og:locale\" content=\"fr_FR\" \/>\n<meta property=\"og:type\" content=\"article\" \/>\n<meta property=\"og:title\" content=\"Mentions l\u00e9gales - Pr\u00eat-\u00e0-porter casas\" \/>\n<meta property=\"og:description\" content=\"[vc_row type=\u00a0\u00bbin_container\u00a0\u00bb full_screen_row_position=\u00a0\u00bbmiddle\u00a0\u00bb column_margin=\u00a0\u00bbdefault\u00a0\u00bb column_direction=\u00a0\u00bbdefault\u00a0\u00bb column_direction_tablet=\u00a0\u00bbdefault\u00a0\u00bb column_direction_phone=\u00a0\u00bbdefault\u00a0\u00bb scene_position=\u00a0\u00bbcenter\u00a0\u00bb text_color=\u00a0\u00bbdark\u00a0\u00bb text_align=\u00a0\u00bbleft\u00a0\u00bb row_border_radius=\u00a0\u00bbnone\u00a0\u00bb row_border_radius_applies=\u00a0\u00bbbg\u00a0\u00bb overflow=\u00a0\u00bbvisible\u00a0\u00bb overlay_strength=\u00a0\u00bb0.3&Prime; gradient_direction=\u00a0\u00bbleft_to_right\u00a0\u00bb shape_divider_position=\u00a0\u00bbbottom\u00a0\u00bb bg_image_animation=\u00a0\u00bbnone\u00a0\u00bb][vc_column column_padding=\u00a0\u00bbno-extra-padding\u00a0\u00bb column_padding_tablet=\u00a0\u00bbinherit\u00a0\u00bb column_padding_phone=\u00a0\u00bbinherit\u00a0\u00bb column_padding_position=\u00a0\u00bball\u00a0\u00bb column_element_direction_desktop=\u00a0\u00bbdefault\u00a0\u00bb column_element_spacing=\u00a0\u00bbdefault\u00a0\u00bb desktop_text_alignment=\u00a0\u00bbdefault\u00a0\u00bb tablet_text_alignment=\u00a0\u00bbdefault\u00a0\u00bb phone_text_alignment=\u00a0\u00bbdefault\u00a0\u00bb background_color_opacity=\u00a0\u00bb1&Prime; background_hover_color_opacity=\u00a0\u00bb1&Prime; column_backdrop_filter=\u00a0\u00bbnone\u00a0\u00bb column_shadow=\u00a0\u00bbnone\u00a0\u00bb...\" \/>\n<meta property=\"og:url\" content=\"https:\/\/www.pretaportercasas.com\/fr\/mentions-legales\/\" \/>\n<meta property=\"og:site_name\" content=\"Pr\u00eat-\u00e0-porter casas\" \/>\n<meta property=\"article:modified_time\" content=\"2024-03-18T10:52:06+00:00\" \/>\n<meta name=\"twitter:card\" content=\"summary_large_image\" \/>\n<meta name=\"twitter:label1\" content=\"Dur\u00e9e de lecture estim\u00e9e\" \/>\n\t<meta name=\"twitter:data1\" content=\"8 minutes\" \/>\n<script type=\"application\/ld+json\" class=\"yoast-schema-graph\">{\"@context\":\"https:\\\/\\\/schema.org\",\"@graph\":[{\"@type\":\"WebPage\",\"@id\":\"https:\\\/\\\/www.pretaportercasas.com\\\/fr\\\/mentions-legales\\\/\",\"url\":\"https:\\\/\\\/www.pretaportercasas.com\\\/fr\\\/mentions-legales\\\/\",\"name\":\"Mentions l\u00e9gales - Pr\u00eat-\u00e0-porter casas\",\"isPartOf\":{\"@id\":\"https:\\\/\\\/www.pretaportercasas.com\\\/fr\\\/#website\"},\"datePublished\":\"2024-01-30T14:59:26+00:00\",\"dateModified\":\"2024-03-18T10:52:06+00:00\",\"breadcrumb\":{\"@id\":\"https:\\\/\\\/www.pretaportercasas.com\\\/fr\\\/mentions-legales\\\/#breadcrumb\"},\"inLanguage\":\"fr-FR\",\"potentialAction\":[{\"@type\":\"ReadAction\",\"target\":[\"https:\\\/\\\/www.pretaportercasas.com\\\/fr\\\/mentions-legales\\\/\"]}]},{\"@type\":\"BreadcrumbList\",\"@id\":\"https:\\\/\\\/www.pretaportercasas.com\\\/fr\\\/mentions-legales\\\/#breadcrumb\",\"itemListElement\":[{\"@type\":\"ListItem\",\"position\":1,\"name\":\"Portada\",\"item\":\"https:\\\/\\\/www.pretaportercasas.com\\\/fr\\\/\"},{\"@type\":\"ListItem\",\"position\":2,\"name\":\"Mentions l\u00e9gales\"}]},{\"@type\":\"WebSite\",\"@id\":\"https:\\\/\\\/www.pretaportercasas.com\\\/fr\\\/#website\",\"url\":\"https:\\\/\\\/www.pretaportercasas.com\\\/fr\\\/\",\"name\":\"Pr\u00eat-\u00e0-porter casas\",\"description\":\"\",\"potentialAction\":[{\"@type\":\"SearchAction\",\"target\":{\"@type\":\"EntryPoint\",\"urlTemplate\":\"https:\\\/\\\/www.pretaportercasas.com\\\/fr\\\/?s={search_term_string}\"},\"query-input\":{\"@type\":\"PropertyValueSpecification\",\"valueRequired\":true,\"valueName\":\"search_term_string\"}}],\"inLanguage\":\"fr-FR\"}]}<\/script>\n<!-- \/ Yoast SEO plugin. -->","yoast_head_json":{"title":"Mentions l\u00e9gales - Pr\u00eat-\u00e0-porter casas","robots":{"index":"index","follow":"follow","max-snippet":"max-snippet:-1","max-image-preview":"max-image-preview:large","max-video-preview":"max-video-preview:-1"},"canonical":"https:\/\/www.pretaportercasas.com\/fr\/mentions-legales\/","og_locale":"fr_FR","og_type":"article","og_title":"Mentions l\u00e9gales - Pr\u00eat-\u00e0-porter casas","og_description":"[vc_row type=\u00a0\u00bbin_container\u00a0\u00bb full_screen_row_position=\u00a0\u00bbmiddle\u00a0\u00bb column_margin=\u00a0\u00bbdefault\u00a0\u00bb column_direction=\u00a0\u00bbdefault\u00a0\u00bb column_direction_tablet=\u00a0\u00bbdefault\u00a0\u00bb column_direction_phone=\u00a0\u00bbdefault\u00a0\u00bb scene_position=\u00a0\u00bbcenter\u00a0\u00bb text_color=\u00a0\u00bbdark\u00a0\u00bb text_align=\u00a0\u00bbleft\u00a0\u00bb row_border_radius=\u00a0\u00bbnone\u00a0\u00bb row_border_radius_applies=\u00a0\u00bbbg\u00a0\u00bb overflow=\u00a0\u00bbvisible\u00a0\u00bb overlay_strength=\u00a0\u00bb0.3&Prime; gradient_direction=\u00a0\u00bbleft_to_right\u00a0\u00bb shape_divider_position=\u00a0\u00bbbottom\u00a0\u00bb bg_image_animation=\u00a0\u00bbnone\u00a0\u00bb][vc_column column_padding=\u00a0\u00bbno-extra-padding\u00a0\u00bb column_padding_tablet=\u00a0\u00bbinherit\u00a0\u00bb column_padding_phone=\u00a0\u00bbinherit\u00a0\u00bb column_padding_position=\u00a0\u00bball\u00a0\u00bb column_element_direction_desktop=\u00a0\u00bbdefault\u00a0\u00bb column_element_spacing=\u00a0\u00bbdefault\u00a0\u00bb desktop_text_alignment=\u00a0\u00bbdefault\u00a0\u00bb tablet_text_alignment=\u00a0\u00bbdefault\u00a0\u00bb phone_text_alignment=\u00a0\u00bbdefault\u00a0\u00bb background_color_opacity=\u00a0\u00bb1&Prime; background_hover_color_opacity=\u00a0\u00bb1&Prime; column_backdrop_filter=\u00a0\u00bbnone\u00a0\u00bb column_shadow=\u00a0\u00bbnone\u00a0\u00bb...","og_url":"https:\/\/www.pretaportercasas.com\/fr\/mentions-legales\/","og_site_name":"Pr\u00eat-\u00e0-porter casas","article_modified_time":"2024-03-18T10:52:06+00:00","twitter_card":"summary_large_image","twitter_misc":{"Dur\u00e9e de lecture estim\u00e9e":"8 minutes"},"schema":{"@context":"https:\/\/schema.org","@graph":[{"@type":"WebPage","@id":"https:\/\/www.pretaportercasas.com\/fr\/mentions-legales\/","url":"https:\/\/www.pretaportercasas.com\/fr\/mentions-legales\/","name":"Mentions l\u00e9gales - Pr\u00eat-\u00e0-porter casas","isPartOf":{"@id":"https:\/\/www.pretaportercasas.com\/fr\/#website"},"datePublished":"2024-01-30T14:59:26+00:00","dateModified":"2024-03-18T10:52:06+00:00","breadcrumb":{"@id":"https:\/\/www.pretaportercasas.com\/fr\/mentions-legales\/#breadcrumb"},"inLanguage":"fr-FR","potentialAction":[{"@type":"ReadAction","target":["https:\/\/www.pretaportercasas.com\/fr\/mentions-legales\/"]}]},{"@type":"BreadcrumbList","@id":"https:\/\/www.pretaportercasas.com\/fr\/mentions-legales\/#breadcrumb","itemListElement":[{"@type":"ListItem","position":1,"name":"Portada","item":"https:\/\/www.pretaportercasas.com\/fr\/"},{"@type":"ListItem","position":2,"name":"Mentions l\u00e9gales"}]},{"@type":"WebSite","@id":"https:\/\/www.pretaportercasas.com\/fr\/#website","url":"https:\/\/www.pretaportercasas.com\/fr\/","name":"Pr\u00eat-\u00e0-porter casas","description":"","potentialAction":[{"@type":"SearchAction","target":{"@type":"EntryPoint","urlTemplate":"https:\/\/www.pretaportercasas.com\/fr\/?s={search_term_string}"},"query-input":{"@type":"PropertyValueSpecification","valueRequired":true,"valueName":"search_term_string"}}],"inLanguage":"fr-FR"}]}},"_links":{"self":[{"href":"https:\/\/www.pretaportercasas.com\/fr\/wp-json\/wp\/v2\/pages\/3639","targetHints":{"allow":["GET"]}}],"collection":[{"href":"https:\/\/www.pretaportercasas.com\/fr\/wp-json\/wp\/v2\/pages"}],"about":[{"href":"https:\/\/www.pretaportercasas.com\/fr\/wp-json\/wp\/v2\/types\/page"}],"author":[{"embeddable":true,"href":"https:\/\/www.pretaportercasas.com\/fr\/wp-json\/wp\/v2\/users\/1"}],"replies":[{"embeddable":true,"href":"https:\/\/www.pretaportercasas.com\/fr\/wp-json\/wp\/v2\/comments?post=3639"}],"version-history":[{"count":2,"href":"https:\/\/www.pretaportercasas.com\/fr\/wp-json\/wp\/v2\/pages\/3639\/revisions"}],"predecessor-version":[{"id":3646,"href":"https:\/\/www.pretaportercasas.com\/fr\/wp-json\/wp\/v2\/pages\/3639\/revisions\/3646"}],"wp:attachment":[{"href":"https:\/\/www.pretaportercasas.com\/fr\/wp-json\/wp\/v2\/media?parent=3639"}],"curies":[{"name":"wp","href":"https:\/\/api.w.org\/{rel}","templated":true}]}}