{"id":3651,"date":"2024-03-19T17:34:36","date_gmt":"2024-03-19T16:34:36","guid":{"rendered":"https:\/\/www.pretaportercasas.com\/?page_id=3651"},"modified":"2025-02-28T14:16:57","modified_gmt":"2025-02-28T13:16:57","slug":"politique-de-cookies","status":"publish","type":"page","link":"https:\/\/www.pretaportercasas.com\/fr\/politica-de-cookies\/","title":{"rendered":"Politique de cookies"},"content":{"rendered":"[vc_row type=\u00a0\u00bbin_container\u00a0\u00bb full_screen_row_position=\u00a0\u00bbmiddle\u00a0\u00bb column_margin=\u00a0\u00bbdefault\u00a0\u00bb column_direction=\u00a0\u00bbdefault\u00a0\u00bb column_direction_tablet=\u00a0\u00bbdefault\u00a0\u00bb column_direction_phone=\u00a0\u00bbdefault\u00a0\u00bb scene_position=\u00a0\u00bbcenter\u00a0\u00bb text_color=\u00a0\u00bbdark\u00a0\u00bb text_align=\u00a0\u00bbleft\u00a0\u00bb row_border_radius=\u00a0\u00bbnone\u00a0\u00bb row_border_radius_applies=\u00a0\u00bbbg\u00a0\u00bb overflow=\u00a0\u00bbvisible\u00a0\u00bb overlay_strength=\u00a0\u00bb0.3&Prime; gradient_direction=\u00a0\u00bbleft_to_right\u00a0\u00bb shape_divider_position=\u00a0\u00bbbottom\u00a0\u00bb bg_image_animation=\u00a0\u00bbnone\u00a0\u00bb][vc_column column_padding=\u00a0\u00bbno-extra-padding\u00a0\u00bb column_padding_tablet=\u00a0\u00bbinherit\u00a0\u00bb column_padding_phone=\u00a0\u00bbinherit\u00a0\u00bb column_padding_position=\u00a0\u00bball\u00a0\u00bb column_element_direction_desktop=\u00a0\u00bbdefault\u00a0\u00bb column_element_spacing=\u00a0\u00bbdefault\u00a0\u00bb desktop_text_alignment=\u00a0\u00bbdefault\u00a0\u00bb tablet_text_alignment=\u00a0\u00bbdefault\u00a0\u00bb phone_text_alignment=\u00a0\u00bbdefault\u00a0\u00bb background_color_opacity=\u00a0\u00bb1&Prime; background_hover_color_opacity=\u00a0\u00bb1&Prime; column_backdrop_filter=\u00a0\u00bbnone\u00a0\u00bb column_shadow=\u00a0\u00bbnone\u00a0\u00bb column_border_radius=\u00a0\u00bbnone\u00a0\u00bb column_link_target=\u00a0\u00bb_self\u00a0\u00bb column_position=\u00a0\u00bbdefault\u00a0\u00bb el_class=\u00a0\u00bbff-clash-display\u00a0\u00bb gradient_direction=\u00a0\u00bbleft_to_right\u00a0\u00bb overlay_strength=\u00a0\u00bb0.3&Prime; width=\u00a0\u00bb1\/1&Prime; tablet_width_inherit=\u00a0\u00bbdefault\u00a0\u00bb animation_type=\u00a0\u00bbdefault\u00a0\u00bb bg_image_animation=\u00a0\u00bbnone\u00a0\u00bb border_type=\u00a0\u00bbsimple\u00a0\u00bb column_border_width=\u00a0\u00bbnone\u00a0\u00bb column_border_style=\u00a0\u00bbsolid\u00a0\u00bb column_padding_type=\u00a0\u00bbdefault\u00a0\u00bb gradient_type=\u00a0\u00bbdefault\u00a0\u00bb][vc_column_text]\n<h1 class=\"ff-clash-display\"><u>Politique de cookies<\/u><\/h1>\n<p>Ce site web utilise ses propres cookies et ceux de tiers pour vous offrir une meilleure exp\u00e9rience et un meilleur service. En naviguant ou en utilisant nos services, l\u2019utilisateur accepte notre politique d\u2019utilisation des cookies. Cependant, l\u2019utilisateur a la possibilit\u00e9 d\u2019\u00e9viter l\u2019installation de cookies et de les supprimer.<\/p>\n<p><strong>UN COOKIE\u00a0: DE QUOI S\u2019AGIT-IL\u00a0?<\/strong><\/p>\n<p>Un cookie est un petit fichier de texte que les sites web envoient au navigateur de l\u2019utilisateur et qui est stock\u00e9 sur son dispositif, qui peut \u00eatre un ordinateur personnel, un t\u00e9l\u00e9phone portable, une tablette, etc. Ces fichiers permettent au site web de m\u00e9moriser des informations relatives \u00e0 sa visite, telles que la langue et les options pr\u00e9f\u00e9r\u00e9es, ce qui peut faciliter sa prochaine visite et rendre le site plus utile en personnalisant son contenu. Les cookies jouent un r\u00f4le essentiel dans l\u2019am\u00e9lioration de l\u2019exp\u00e9rience d\u2019utilisation du site web.<\/p>\n<p><strong>TYPES DE COOKIES <\/strong><\/p>\n<p>En fonction de qui les g\u00e8re, les cookies peuvent \u00eatre\u00a0:<\/p>\n<ul>\n<li><strong>Des cookies appartenant au propri\u00e9taire du site<\/strong>: il s\u2019agit de ceux envoy\u00e9s sur le dispositif de l\u2019utilisateur \u00e0 partir d\u2019un ordinateur ou d\u2019un domaine g\u00e9r\u00e9 par l\u2019\u00e9diteur lui-m\u00eame, et \u00e0 partir duquel le service demand\u00e9 par l\u2019utilisateur est pr\u00eat\u00e9.<\/li>\n<li><strong>Des cookies appartenant \u00e0 des tiers<\/strong>: il s\u2019agit de ceux envoy\u00e9s sur le dispositif de l\u2019utilisateur \u00e0 partir d\u2019un ordinateur ou d\u2019un domaine qui n\u2019est pas g\u00e9r\u00e9 par l\u2019\u00e9diteur, mais par une autre entit\u00e9 qui traite les donn\u00e9es obtenues par le biais des cookies.<\/li>\n<\/ul>\n<p>En fonction de la dur\u00e9e pendant laquelle ils restent activ\u00e9s\u00a0:<\/p>\n<ul>\n<li><strong>Cookies de session<\/strong>: il s\u2019agit d\u2019un type de cookies con\u00e7u pour collecter et stocker des donn\u00e9es lorsque l\u2019utilisateur acc\u00e8de \u00e0 un site web. Ils sont g\u00e9n\u00e9ralement utilis\u00e9s pour stocker des informations qui ne sont pertinentes que pour la prestation du service demand\u00e9 par l\u2019utilisateur en une seule occasion.<\/li>\n<li><strong>Cookies persistants<\/strong>: il s\u2019agit d\u2019un type de cookies dont les donn\u00e9es restent stock\u00e9es sur le dispositif de l\u2019utilisateur et qui peuvent \u00eatre consult\u00e9es et trait\u00e9es pendant une p\u00e9riode d\u00e9finie par le propri\u00e9taire du cookie, qui peut aller de quelques minutes \u00e0 plusieurs ann\u00e9es.<\/li>\n<\/ul>\n<p>En fonction de la finalit\u00e9 du traitement des donn\u00e9es obtenues par le biais des cookies, le site web peut utiliser\u00a0:<\/p>\n<p><strong><em>Des cookies techniques &#8211; <\/em><\/strong>Il s\u2019agit des cookies permettant \u00e0 l\u2019utilisateur de naviguer sur le site web ou l\u2019application, et d\u2019utiliser les diff\u00e9rentes options ou services qui s\u2019y trouvent. Par exemple, contr\u00f4ler le trafic et la communication des donn\u00e9es, identifier la session, acc\u00e9der \u00e0 des parties du site web \u00e0 acc\u00e8s restreint, m\u00e9moriser les donn\u00e9es d\u2019une commande, effectuer une demande d\u2019inscription ou de participation \u00e0 un \u00e9v\u00e9nement, utiliser des \u00e9l\u00e9ments de s\u00e9curit\u00e9 pendant la navigation et stocker des contenus pour la diffusion de vid\u00e9os ou de son.<\/p>\n<p><strong><em>Des cookies de personnalisation &#8211; <\/em><\/strong>Il s\u2019agit des cookies permettant \u00e0 l\u2019utilisateur d\u2019acc\u00e9der au service avec certaines caract\u00e9ristiques g\u00e9n\u00e9rales pr\u00e9d\u00e9finies dans son dispositif ou qu\u2019il peut d\u00e9finir lui-m\u00eame. Par exemple, la langue, le type de navigateur par lequel il acc\u00e8de au service, la pr\u00e9sentation des contenus, la g\u00e9olocalisation du terminal et la configuration r\u00e9gionale \u00e0 partir de laquelle le service est accessible.<\/p>\n<p><strong><em>Des cookies publicitaires &#8211; <\/em><\/strong>Il s\u2019agit des cookies permettant la gestion efficace des espaces publicitaires inclus sur le site web ou l\u2019application \u00e0 partir de laquelle le service est fourni. Ils permettent d\u2019adapter le contenu de la publicit\u00e9 afin de la rendre pertinente pour l\u2019utilisateur et d\u2019\u00e9viter de lui montrer des publicit\u00e9s qu\u2019il a d\u00e9j\u00e0 vues.<\/p>\n<p><strong><em>Des cookies d\u2019analyse statistique &#8211; <\/em><\/strong>Il s\u2019agit des cookies permettant d\u2019effectuer le suivi et l\u2019analyse du comportement des utilisateurs sur les sites web. Les informations collect\u00e9es par ce type de cookies sont utilis\u00e9es pour mesurer l\u2019activit\u00e9 des sites web, de l\u2019application ou de la plateforme, et pour l\u2019\u00e9laboration de profils de navigation des utilisateurs de ces sites, afin d\u2019introduire des am\u00e9liorations dans le service en fonction des donn\u00e9es sur utilisation faite par les utilisateurs.<\/p>\n<p><strong>Les cookies utilis\u00e9s sur ce site web peuvent \u00eatre consult\u00e9s dans le <em><u>panneau de configuration<\/u><\/em> afin de r\u00e9gler leur configuration \u00e0 tout moment.<\/strong><\/p>\n<p><strong>L\u2019identification de qui utilise les cookies, du type de cookies utilis\u00e9s et d\u2019autres informations <\/strong>figurent ci-dessous\u00a0:<\/p>\n<p>Liste des cookies utilis\u00e9s\u00a0:<\/p>\n<div class=\"cky-audit-table-element\"><\/div>\n<h2><\/h2>\n<h2 class=\"ff-clash-display fs-15 lh-24\">(*) Vous pouvez prendre connaissance des transferts de donn\u00e9es vers des pays tiers qui, le cas \u00e9ch\u00e9ant, sont effectu\u00e9s par les tiers identifi\u00e9s dans la pr\u00e9sente politique en mati\u00e8re de cookies dans leurs politiques correspondantes (voir les liens fournis dans la section \u00ab\u00a0En savoir plus\u00a0\u00bb du tableau ci-dessus).<\/h2>\n<p><strong>\u00a0\u00a0\u00a0\u00a0\u00a0\u00a0\u00a0\u00a0\u00a0\u00a0\u00a0\u00a0\u00a0\u00a0\u00a0\u00a0\u00a0\u00a0\u00a0\u00a0\u00a0\u00a0\u00a0\u00a0\u00a0\u00a0\u00a0\u00a0\u00a0\u00a0\u00a0\u00a0\u00a0\u00a0\u00a0\u00a0\u00a0\u00a0\u00a0\u00a0\u00a0\u00a0\u00a0\u00a0\u00a0\u00a0\u00a0\u00a0\u00a0 <\/strong><\/p>\n<p><strong>COMMENT G\u00c9RER LES COOKIES DANS LE NAVIGATEUR\u00a0?<\/strong><\/p>\n<p>L\u2019utilisateur a la possibilit\u00e9 d\u2019autoriser, de bloquer ou de supprimer les cookies install\u00e9s sur son dispositif en configurant les options de son navigateur install\u00e9\u00a0:<\/p>\n<ul>\n<li><strong>Firefox<\/strong>:<\/li>\n<\/ul>\n<p><a href=\"http:\/\/support.mozilla.org\/es\/kb\/habilitar-y-deshabilitar-cookies-que-los-sitios-we\">http:\/\/support.mozilla.org\/es\/kb\/habilitar-y-deshabilitar-cookies-que-los-sitios-we<\/a><\/p>\n<ul>\n<li><strong>Chrome<\/strong>:<\/li>\n<\/ul>\n<p><a href=\"http:\/\/support.google.com\/chrome\/bin\/answer.py?hl=es&amp;answer=95647\">https:\/\/support.google.com\/chrome\/answer\/95647?hl=fr&amp;sjid=15544255444751347007-EU<\/a><\/p>\n<ul>\n<li><strong>Internet Explorer<\/strong>:<\/li>\n<\/ul>\n<p><a href=\"https:\/\/support.microsoft.com\/es-es\/help\/278835\/how-to-delete-cookie-files-in-internet-explorer\">https:\/\/support.microsoft.com\/fr-fr\/topic\/comment-supprimer-des-fichiers-cookies-dans-internet-explorer-bca9446f-d873-78de-77ba-d42645fa52fc<\/a><\/p>\n<ul>\n<li><strong>Microsoft Edge\u00a0:<\/strong><\/li>\n<\/ul>\n<p><a href=\"https:\/\/support.microsoft.com\/es-es\/help\/4468242\/microsoft-edge-browsing-data-and-privacy-microsoft-privacy\">https:\/\/support.microsoft.com\/fr-fr\/windows\/microsoft-edge-donn%C3%A9es-de-navigation-et-confidentialit%C3%A9-bb8174ba-9d73-dcf2-9b4a-c582b4e640dd<\/a><\/p>\n<ul>\n<li><strong>Safari<\/strong>:<\/li>\n<\/ul>\n<p><a href=\"http:\/\/support.apple.com\/kb\/ph5042\">https:\/\/support.apple.com\/fr-fr\/guide\/safari\/sfri11471\/mac<\/a><\/p>\n<ul>\n<li><strong>Opera<\/strong>:<\/li>\n<\/ul>\n<p><a href=\"http:\/\/help.opera.com\/Windows\/11.50\/es-ES\/cookies.html\">https:\/\/help.opera.com\/en\/latest\/web-preferences\/#cookies<\/a><\/p>\n<p>Sur certains navigateurs, des r\u00e8gles sp\u00e9cifiques peuvent \u00eatre d\u00e9finies pour g\u00e9rer des cookies par site web, ce qui permet un contr\u00f4le plus pr\u00e9cis de la confidentialit\u00e9. Cela signifie que l\u2019on peut d\u00e9sactiver les cookies de tous les sites, \u00e0 l\u2019exception de ceux envers lesquels on a pleinement confiance.[\/vc_column_text][\/vc_column][\/vc_row]\n","protected":false},"excerpt":{"rendered":"<p>[vc_row type=\u00a0\u00bbin_container\u00a0\u00bb full_screen_row_position=\u00a0\u00bbmiddle\u00a0\u00bb column_margin=\u00a0\u00bbdefault\u00a0\u00bb column_direction=\u00a0\u00bbdefault\u00a0\u00bb column_direction_tablet=\u00a0\u00bbdefault\u00a0\u00bb column_direction_phone=\u00a0\u00bbdefault\u00a0\u00bb scene_position=\u00a0\u00bbcenter\u00a0\u00bb text_color=\u00a0\u00bbdark\u00a0\u00bb text_align=\u00a0\u00bbleft\u00a0\u00bb row_border_radius=\u00a0\u00bbnone\u00a0\u00bb row_border_radius_applies=\u00a0\u00bbbg\u00a0\u00bb overflow=\u00a0\u00bbvisible\u00a0\u00bb overlay_strength=\u00a0\u00bb0.3&Prime; gradient_direction=\u00a0\u00bbleft_to_right\u00a0\u00bb shape_divider_position=\u00a0\u00bbbottom\u00a0\u00bb bg_image_animation=\u00a0\u00bbnone\u00a0\u00bb][vc_column column_padding=\u00a0\u00bbno-extra-padding\u00a0\u00bb column_padding_tablet=\u00a0\u00bbinherit\u00a0\u00bb column_padding_phone=\u00a0\u00bbinherit\u00a0\u00bb column_padding_position=\u00a0\u00bball\u00a0\u00bb column_element_direction_desktop=\u00a0\u00bbdefault\u00a0\u00bb column_element_spacing=\u00a0\u00bbdefault\u00a0\u00bb desktop_text_alignment=\u00a0\u00bbdefault\u00a0\u00bb tablet_text_alignment=\u00a0\u00bbdefault\u00a0\u00bb phone_text_alignment=\u00a0\u00bbdefault\u00a0\u00bb background_color_opacity=\u00a0\u00bb1&Prime; background_hover_color_opacity=\u00a0\u00bb1&Prime; column_backdrop_filter=\u00a0\u00bbnone\u00a0\u00bb column_shadow=\u00a0\u00bbnone\u00a0\u00bb&#8230;<\/p>\n","protected":false},"author":1,"featured_media":0,"parent":0,"menu_order":0,"comment_status":"closed","ping_status":"closed","template":"","meta":{"_acf_changed":false,"footnotes":"","_wp_rev_ctl_limit":""},"class_list":["post-3651","page","type-page","status-publish"],"acf":[],"yoast_head":"<!-- This site is optimized with the Yoast SEO plugin v27.3 - https:\/\/yoast.com\/product\/yoast-seo-wordpress\/ -->\n<title>Politique de cookies - Pr\u00eat-\u00e0-porter casas<\/title>\n<meta name=\"robots\" content=\"index, follow, max-snippet:-1, max-image-preview:large, max-video-preview:-1\" \/>\n<link rel=\"canonical\" href=\"https:\/\/www.pretaportercasas.com\/fr\/politica-de-cookies\/\" \/>\n<meta property=\"og:locale\" content=\"fr_FR\" \/>\n<meta property=\"og:type\" content=\"article\" \/>\n<meta property=\"og:title\" content=\"Politique de cookies - Pr\u00eat-\u00e0-porter casas\" \/>\n<meta property=\"og:description\" content=\"[vc_row type=\u00a0\u00bbin_container\u00a0\u00bb full_screen_row_position=\u00a0\u00bbmiddle\u00a0\u00bb column_margin=\u00a0\u00bbdefault\u00a0\u00bb column_direction=\u00a0\u00bbdefault\u00a0\u00bb column_direction_tablet=\u00a0\u00bbdefault\u00a0\u00bb column_direction_phone=\u00a0\u00bbdefault\u00a0\u00bb scene_position=\u00a0\u00bbcenter\u00a0\u00bb text_color=\u00a0\u00bbdark\u00a0\u00bb text_align=\u00a0\u00bbleft\u00a0\u00bb row_border_radius=\u00a0\u00bbnone\u00a0\u00bb row_border_radius_applies=\u00a0\u00bbbg\u00a0\u00bb overflow=\u00a0\u00bbvisible\u00a0\u00bb overlay_strength=\u00a0\u00bb0.3&Prime; gradient_direction=\u00a0\u00bbleft_to_right\u00a0\u00bb shape_divider_position=\u00a0\u00bbbottom\u00a0\u00bb bg_image_animation=\u00a0\u00bbnone\u00a0\u00bb][vc_column column_padding=\u00a0\u00bbno-extra-padding\u00a0\u00bb column_padding_tablet=\u00a0\u00bbinherit\u00a0\u00bb column_padding_phone=\u00a0\u00bbinherit\u00a0\u00bb column_padding_position=\u00a0\u00bball\u00a0\u00bb column_element_direction_desktop=\u00a0\u00bbdefault\u00a0\u00bb column_element_spacing=\u00a0\u00bbdefault\u00a0\u00bb desktop_text_alignment=\u00a0\u00bbdefault\u00a0\u00bb tablet_text_alignment=\u00a0\u00bbdefault\u00a0\u00bb phone_text_alignment=\u00a0\u00bbdefault\u00a0\u00bb background_color_opacity=\u00a0\u00bb1&Prime; background_hover_color_opacity=\u00a0\u00bb1&Prime; column_backdrop_filter=\u00a0\u00bbnone\u00a0\u00bb column_shadow=\u00a0\u00bbnone\u00a0\u00bb...\" \/>\n<meta property=\"og:url\" content=\"https:\/\/www.pretaportercasas.com\/fr\/politica-de-cookies\/\" \/>\n<meta property=\"og:site_name\" content=\"Pr\u00eat-\u00e0-porter casas\" \/>\n<meta property=\"article:modified_time\" content=\"2025-02-28T13:16:57+00:00\" \/>\n<meta name=\"twitter:card\" content=\"summary_large_image\" \/>\n<meta name=\"twitter:label1\" content=\"Dur\u00e9e de lecture estim\u00e9e\" \/>\n\t<meta name=\"twitter:data1\" content=\"4 minutes\" \/>\n<script type=\"application\/ld+json\" class=\"yoast-schema-graph\">{\"@context\":\"https:\\\/\\\/schema.org\",\"@graph\":[{\"@type\":\"WebPage\",\"@id\":\"https:\\\/\\\/www.pretaportercasas.com\\\/fr\\\/politica-de-cookies\\\/\",\"url\":\"https:\\\/\\\/www.pretaportercasas.com\\\/fr\\\/politica-de-cookies\\\/\",\"name\":\"Politique de cookies - Pr\u00eat-\u00e0-porter casas\",\"isPartOf\":{\"@id\":\"https:\\\/\\\/www.pretaportercasas.com\\\/fr\\\/#website\"},\"datePublished\":\"2024-03-19T16:34:36+00:00\",\"dateModified\":\"2025-02-28T13:16:57+00:00\",\"breadcrumb\":{\"@id\":\"https:\\\/\\\/www.pretaportercasas.com\\\/fr\\\/politica-de-cookies\\\/#breadcrumb\"},\"inLanguage\":\"fr-FR\",\"potentialAction\":[{\"@type\":\"ReadAction\",\"target\":[\"https:\\\/\\\/www.pretaportercasas.com\\\/fr\\\/politica-de-cookies\\\/\"]}]},{\"@type\":\"BreadcrumbList\",\"@id\":\"https:\\\/\\\/www.pretaportercasas.com\\\/fr\\\/politica-de-cookies\\\/#breadcrumb\",\"itemListElement\":[{\"@type\":\"ListItem\",\"position\":1,\"name\":\"Portada\",\"item\":\"https:\\\/\\\/www.pretaportercasas.com\\\/fr\\\/\"},{\"@type\":\"ListItem\",\"position\":2,\"name\":\"Politique de cookies\"}]},{\"@type\":\"WebSite\",\"@id\":\"https:\\\/\\\/www.pretaportercasas.com\\\/fr\\\/#website\",\"url\":\"https:\\\/\\\/www.pretaportercasas.com\\\/fr\\\/\",\"name\":\"Pr\u00eat-\u00e0-porter casas\",\"description\":\"\",\"potentialAction\":[{\"@type\":\"SearchAction\",\"target\":{\"@type\":\"EntryPoint\",\"urlTemplate\":\"https:\\\/\\\/www.pretaportercasas.com\\\/fr\\\/?s={search_term_string}\"},\"query-input\":{\"@type\":\"PropertyValueSpecification\",\"valueRequired\":true,\"valueName\":\"search_term_string\"}}],\"inLanguage\":\"fr-FR\"}]}<\/script>\n<!-- \/ Yoast SEO plugin. -->","yoast_head_json":{"title":"Politique de cookies - Pr\u00eat-\u00e0-porter casas","robots":{"index":"index","follow":"follow","max-snippet":"max-snippet:-1","max-image-preview":"max-image-preview:large","max-video-preview":"max-video-preview:-1"},"canonical":"https:\/\/www.pretaportercasas.com\/fr\/politica-de-cookies\/","og_locale":"fr_FR","og_type":"article","og_title":"Politique de cookies - Pr\u00eat-\u00e0-porter casas","og_description":"[vc_row type=\u00a0\u00bbin_container\u00a0\u00bb full_screen_row_position=\u00a0\u00bbmiddle\u00a0\u00bb column_margin=\u00a0\u00bbdefault\u00a0\u00bb column_direction=\u00a0\u00bbdefault\u00a0\u00bb column_direction_tablet=\u00a0\u00bbdefault\u00a0\u00bb column_direction_phone=\u00a0\u00bbdefault\u00a0\u00bb scene_position=\u00a0\u00bbcenter\u00a0\u00bb text_color=\u00a0\u00bbdark\u00a0\u00bb text_align=\u00a0\u00bbleft\u00a0\u00bb row_border_radius=\u00a0\u00bbnone\u00a0\u00bb row_border_radius_applies=\u00a0\u00bbbg\u00a0\u00bb overflow=\u00a0\u00bbvisible\u00a0\u00bb overlay_strength=\u00a0\u00bb0.3&Prime; gradient_direction=\u00a0\u00bbleft_to_right\u00a0\u00bb shape_divider_position=\u00a0\u00bbbottom\u00a0\u00bb bg_image_animation=\u00a0\u00bbnone\u00a0\u00bb][vc_column column_padding=\u00a0\u00bbno-extra-padding\u00a0\u00bb column_padding_tablet=\u00a0\u00bbinherit\u00a0\u00bb column_padding_phone=\u00a0\u00bbinherit\u00a0\u00bb column_padding_position=\u00a0\u00bball\u00a0\u00bb column_element_direction_desktop=\u00a0\u00bbdefault\u00a0\u00bb column_element_spacing=\u00a0\u00bbdefault\u00a0\u00bb desktop_text_alignment=\u00a0\u00bbdefault\u00a0\u00bb tablet_text_alignment=\u00a0\u00bbdefault\u00a0\u00bb phone_text_alignment=\u00a0\u00bbdefault\u00a0\u00bb background_color_opacity=\u00a0\u00bb1&Prime; background_hover_color_opacity=\u00a0\u00bb1&Prime; column_backdrop_filter=\u00a0\u00bbnone\u00a0\u00bb column_shadow=\u00a0\u00bbnone\u00a0\u00bb...","og_url":"https:\/\/www.pretaportercasas.com\/fr\/politica-de-cookies\/","og_site_name":"Pr\u00eat-\u00e0-porter casas","article_modified_time":"2025-02-28T13:16:57+00:00","twitter_card":"summary_large_image","twitter_misc":{"Dur\u00e9e de lecture estim\u00e9e":"4 minutes"},"schema":{"@context":"https:\/\/schema.org","@graph":[{"@type":"WebPage","@id":"https:\/\/www.pretaportercasas.com\/fr\/politica-de-cookies\/","url":"https:\/\/www.pretaportercasas.com\/fr\/politica-de-cookies\/","name":"Politique de cookies - Pr\u00eat-\u00e0-porter casas","isPartOf":{"@id":"https:\/\/www.pretaportercasas.com\/fr\/#website"},"datePublished":"2024-03-19T16:34:36+00:00","dateModified":"2025-02-28T13:16:57+00:00","breadcrumb":{"@id":"https:\/\/www.pretaportercasas.com\/fr\/politica-de-cookies\/#breadcrumb"},"inLanguage":"fr-FR","potentialAction":[{"@type":"ReadAction","target":["https:\/\/www.pretaportercasas.com\/fr\/politica-de-cookies\/"]}]},{"@type":"BreadcrumbList","@id":"https:\/\/www.pretaportercasas.com\/fr\/politica-de-cookies\/#breadcrumb","itemListElement":[{"@type":"ListItem","position":1,"name":"Portada","item":"https:\/\/www.pretaportercasas.com\/fr\/"},{"@type":"ListItem","position":2,"name":"Politique de cookies"}]},{"@type":"WebSite","@id":"https:\/\/www.pretaportercasas.com\/fr\/#website","url":"https:\/\/www.pretaportercasas.com\/fr\/","name":"Pr\u00eat-\u00e0-porter casas","description":"","potentialAction":[{"@type":"SearchAction","target":{"@type":"EntryPoint","urlTemplate":"https:\/\/www.pretaportercasas.com\/fr\/?s={search_term_string}"},"query-input":{"@type":"PropertyValueSpecification","valueRequired":true,"valueName":"search_term_string"}}],"inLanguage":"fr-FR"}]}},"_links":{"self":[{"href":"https:\/\/www.pretaportercasas.com\/fr\/wp-json\/wp\/v2\/pages\/3651","targetHints":{"allow":["GET"]}}],"collection":[{"href":"https:\/\/www.pretaportercasas.com\/fr\/wp-json\/wp\/v2\/pages"}],"about":[{"href":"https:\/\/www.pretaportercasas.com\/fr\/wp-json\/wp\/v2\/types\/page"}],"author":[{"embeddable":true,"href":"https:\/\/www.pretaportercasas.com\/fr\/wp-json\/wp\/v2\/users\/1"}],"replies":[{"embeddable":true,"href":"https:\/\/www.pretaportercasas.com\/fr\/wp-json\/wp\/v2\/comments?post=3651"}],"version-history":[{"count":8,"href":"https:\/\/www.pretaportercasas.com\/fr\/wp-json\/wp\/v2\/pages\/3651\/revisions"}],"predecessor-version":[{"id":14067,"href":"https:\/\/www.pretaportercasas.com\/fr\/wp-json\/wp\/v2\/pages\/3651\/revisions\/14067"}],"wp:attachment":[{"href":"https:\/\/www.pretaportercasas.com\/fr\/wp-json\/wp\/v2\/media?parent=3651"}],"curies":[{"name":"wp","href":"https:\/\/api.w.org\/{rel}","templated":true}]}}